{"id":9,"date":"2022-02-06T03:13:54","date_gmt":"2022-02-06T02:13:54","guid":{"rendered":"https:\/\/groles-trotteurs.com\/officiel\/?page_id=9"},"modified":"2023-07-30T09:45:10","modified_gmt":"2023-07-30T07:45:10","slug":"portofolio","status":"publish","type":"page","link":"https:\/\/groles-trotteurs.com\/index.php\/portofolio\/","title":{"rendered":"Le Club"},"content":{"rendered":"\n<div class=\"wp-block-cover alignfull\" style=\"min-height:1107px;aspect-ratio:unset;\"><span aria-hidden=\"true\" class=\"wp-block-cover__background has-nv-text-dark-bg-background-color has-background-dim-100 has-background-dim\"><\/span><div class=\"wp-block-cover__inner-container is-layout-flow wp-block-cover-is-layout-flow\">\n<div class=\"wp-block-group\"><div class=\"wp-block-group__inner-container is-layout-flow wp-block-group-is-layout-flow\"><div class=\"wp-block-image\">\n<figure class=\"aligncenter size-large\"><img loading=\"lazy\" decoding=\"async\" width=\"1024\" height=\"461\" src=\"https:\/\/groles-trotteurs.com\/wp-content\/uploads\/2023\/07\/359519814_3637897103200055_8670136318831373458_n-1024x461.jpg\" alt=\"\" class=\"wp-image-257\" srcset=\"https:\/\/groles-trotteurs.com\/wp-content\/uploads\/2023\/07\/359519814_3637897103200055_8670136318831373458_n-1024x461.jpg 1024w, https:\/\/groles-trotteurs.com\/wp-content\/uploads\/2023\/07\/359519814_3637897103200055_8670136318831373458_n-300x135.jpg 300w, https:\/\/groles-trotteurs.com\/wp-content\/uploads\/2023\/07\/359519814_3637897103200055_8670136318831373458_n-768x346.jpg 768w, https:\/\/groles-trotteurs.com\/wp-content\/uploads\/2023\/07\/359519814_3637897103200055_8670136318831373458_n.jpg 1422w\" sizes=\"(max-width: 1024px) 100vw, 1024px\" \/><\/figure><\/div>\n\n\n<p class=\"has-text-color\" style=\"color:#070707\">Le club des Groles-Trotteurs Caunois a \u00e9t\u00e9 cr\u00e9\u00e9 en 2003.<\/p>\n\n\n\n<p class=\"has-black-color has-text-color\">L\u2019amiti\u00e9, l\u2019esprit de sacrifice, la bonne chaire, les vins du Minervois&#8230; la course \u00e0 pied sont les mots cl\u00e9s qui unissent les adh\u00e9rents.<\/p>\n\n\n\n<p class=\"has-black-color has-text-color\">Ils sont aujourd\u2019hui une cinquantaine \u00e0 arpenter les routes sinueuses de la r\u00e9gion, sous la pluie, dans le froid ou sous la chaleur \u00e9crasante de l\u2019\u00e9t\u00e9.<\/p>\n\n\n\n<p class=\"has-black-color has-text-color\">Ils vous invitent \u00e0 se joindre \u00e0 eux :<\/p>\n\n\n\n<p class=\"has-text-align-center has-black-color has-text-color\">&#8211; <strong>Les mardis et jeudis \u00e0 18h30 devant le stade olympique de Caunes Minervois.<\/strong><br>&#8211; <strong>Les dimanches matin \u00e0 8h30 ou 9 heures en fonction des distances pr\u00e9vues par chacun(e), <\/strong><\/p>\n\n\n\n<p class=\"has-text-align-left has-black-color has-text-color\">Le rendez-vous est fix\u00e9 au local situ\u00e9 face au stade Olympique de Caunes Minervois.<\/p>\n\n\n\n<p class=\"has-black-color has-text-color\">A bient\u00f4t.<\/p>\n<\/div><\/div>\n<\/div><\/div>\n\n\n\n<div class=\"wp-block-cover alignfull\" style=\"min-height:300px;aspect-ratio:unset;\"><span aria-hidden=\"true\" class=\"wp-block-cover__background has-nv-dark-bg-background-color has-background-dim-100 has-background-dim\"><\/span><div class=\"wp-block-cover__inner-container is-layout-flow wp-block-cover-is-layout-flow\">\n<p class=\"has-text-align-center\"><a href=\"https:\/\/www.google.com\/search?q=dicton+de+course+%C3%A0+%5Epied&amp;client=firefox-b-e&amp;tbm=isch&amp;source=iu&amp;ictx=1&amp;vet=1&amp;fir=9r0W0ke76elPPM%252CKF4nG8wlEcjTqM%252C_&amp;usg=AI4_-kSkljNURklymgbtdevCnmPFyKFnFg&amp;sa=X&amp;ved=2ahUKEwjW6PKMj-r1AhURG-wKHSVxBkgQ9QF6BAgJEAE#imgrc=9r0W0ke76elPPM\"><\/a>\u00ab Peu importe la vitesse de course, tu seras toujours plus vite que ceux qui restent assis sur leur divan. \u00bb<\/p>\n\n\n\n<p class=\"has-text-align-right\">Tito, pr\u00e9sident des Groles Trotteurs du Minervois<\/p>\n<\/div><\/div>\n","protected":false},"excerpt":{"rendered":"","protected":false},"author":1,"featured_media":0,"parent":0,"menu_order":0,"comment_status":"closed","ping_status":"closed","template":"","meta":{"neve_meta_sidebar":"","neve_meta_container":"","neve_meta_enable_content_width":"on","neve_meta_content_width":100,"neve_meta_title_alignment":"","neve_meta_author_avatar":"","neve_post_elements_order":"","neve_meta_disable_header":"","neve_meta_disable_footer":"","neve_meta_disable_title":"on","footnotes":""},"_links":{"self":[{"href":"https:\/\/groles-trotteurs.com\/index.php\/wp-json\/wp\/v2\/pages\/9"}],"collection":[{"href":"https:\/\/groles-trotteurs.com\/index.php\/wp-json\/wp\/v2\/pages"}],"about":[{"href":"https:\/\/groles-trotteurs.com\/index.php\/wp-json\/wp\/v2\/types\/page"}],"author":[{"embeddable":true,"href":"https:\/\/groles-trotteurs.com\/index.php\/wp-json\/wp\/v2\/users\/1"}],"replies":[{"embeddable":true,"href":"https:\/\/groles-trotteurs.com\/index.php\/wp-json\/wp\/v2\/comments?post=9"}],"version-history":[{"count":11,"href":"https:\/\/groles-trotteurs.com\/index.php\/wp-json\/wp\/v2\/pages\/9\/revisions"}],"predecessor-version":[{"id":258,"href":"https:\/\/groles-trotteurs.com\/index.php\/wp-json\/wp\/v2\/pages\/9\/revisions\/258"}],"wp:attachment":[{"href":"https:\/\/groles-trotteurs.com\/index.php\/wp-json\/wp\/v2\/media?parent=9"}],"curies":[{"name":"wp","href":"https:\/\/api.w.org\/{rel}","templated":true}]}}