{"id":634,"date":"2024-01-05T16:29:19","date_gmt":"2024-01-05T15:29:19","guid":{"rendered":"https:\/\/groles-trotteurs.com\/?page_id=634"},"modified":"2026-03-21T13:17:19","modified_gmt":"2026-03-21T12:17:19","slug":"tda-28","status":"publish","type":"page","link":"https:\/\/groles-trotteurs.com\/index.php\/tda-28\/","title":{"rendered":""},"content":{"rendered":"\n<div class=\"wp-block-media-text is-stacked-on-mobile is-vertically-aligned-top\" style=\"grid-template-columns:21% auto\"><figure class=\"wp-block-media-text__media\"><img loading=\"lazy\" decoding=\"async\" width=\"650\" height=\"600\" src=\"http:\/\/groles-trotteurs.com\/wp-content\/uploads\/2025\/10\/logo-34.png\" alt=\"\" class=\"wp-image-840 size-full\" srcset=\"https:\/\/groles-trotteurs.com\/wp-content\/uploads\/2025\/10\/logo-34.png 650w, https:\/\/groles-trotteurs.com\/wp-content\/uploads\/2025\/10\/logo-34-300x277.png 300w\" sizes=\"(max-width: 650px) 100vw, 650px\" \/><\/figure><div class=\"wp-block-media-text__content\">\n<p><\/p>\n\n\n\n<p><\/p>\n\n\n\n<p>retrouvez  ci dessous le roadbook ainsi que le circuit<\/p>\n\n\n\n<p><\/p>\n<\/div><\/div>\n\n\n\n<div class=\"wp-block-file\"><a id=\"wp-block-file--media-db8063ff-5e61-49ef-bd98-c64163610660\" href=\"https:\/\/groles-trotteurs.com\/wp-content\/uploads\/2026\/03\/road-book-TAD-32.xlsx\">road-book-TAD-32<\/a><a href=\"https:\/\/groles-trotteurs.com\/wp-content\/uploads\/2026\/03\/road-book-TAD-32.xlsx\" class=\"wp-block-file__button wp-element-button\" download aria-describedby=\"wp-block-file--media-db8063ff-5e61-49ef-bd98-c64163610660\">T\u00e9l\u00e9charger<\/a><\/div>\n\n\n\n<figure class=\"wp-block-image size-large is-resized\"><img loading=\"lazy\" decoding=\"async\" width=\"1024\" height=\"355\" src=\"https:\/\/groles-trotteurs.com\/wp-content\/uploads\/2026\/03\/rb32-1-1024x355.jpg\" alt=\"\" class=\"wp-image-897\" style=\"width:1170px;height:auto\" srcset=\"https:\/\/groles-trotteurs.com\/wp-content\/uploads\/2026\/03\/rb32-1-1024x355.jpg 1024w, https:\/\/groles-trotteurs.com\/wp-content\/uploads\/2026\/03\/rb32-1-300x104.jpg 300w, https:\/\/groles-trotteurs.com\/wp-content\/uploads\/2026\/03\/rb32-1-768x266.jpg 768w, https:\/\/groles-trotteurs.com\/wp-content\/uploads\/2026\/03\/rb32-1.jpg 1363w\" sizes=\"(max-width: 1024px) 100vw, 1024px\" \/><\/figure>\n\n\n\n<div data-wp-interactive=\"core\/file\" class=\"wp-block-file\"><object data-wp-bind--hidden=\"!state.hasPdfPreview\"  class=\"wp-block-file__embed\" data=\"https:\/\/groles-trotteurs.com\/wp-content\/uploads\/2026\/03\/trail-de-l-argent-double-32-km.pdf\" type=\"application\/pdf\" style=\"width:100%;height:600px\" aria-label=\"Contenu embarqu\u00e9 trail-de-l-argent-double-32-km.\"><\/object><a id=\"wp-block-file--media-8efa0831-1b15-493b-879d-f853eb94da1c\" href=\"https:\/\/groles-trotteurs.com\/wp-content\/uploads\/2026\/03\/trail-de-l-argent-double-32-km.pdf\">trail-de-l-argent-double-32-km<\/a><a href=\"https:\/\/groles-trotteurs.com\/wp-content\/uploads\/2026\/03\/trail-de-l-argent-double-32-km.pdf\" class=\"wp-block-file__button wp-element-button\" download aria-describedby=\"wp-block-file--media-8efa0831-1b15-493b-879d-f853eb94da1c\">T\u00e9l\u00e9charger<\/a><\/div>\n\n\n\n<p><strong>La trace au format GPX sera disponible au t\u00e9l\u00e9chargement peu de temps avant la course afin de respecter certaines zones priv\u00e9es.<\/strong><\/p>\n\n\n\n<p><\/p>\n","protected":false},"excerpt":{"rendered":"<p>retrouvez ci dessous le roadbook ainsi que le circuit La trace au format GPX sera disponible au t\u00e9l\u00e9chargement peu de temps avant la course afin de respecter certaines zones priv\u00e9es.<\/p>\n","protected":false},"author":2,"featured_media":0,"parent":0,"menu_order":0,"comment_status":"closed","ping_status":"closed","template":"","meta":{"neve_meta_sidebar":"","neve_meta_container":"","neve_meta_enable_content_width":"","neve_meta_content_width":0,"neve_meta_title_alignment":"","neve_meta_author_avatar":"","neve_post_elements_order":"","neve_meta_disable_header":"","neve_meta_disable_footer":"","neve_meta_disable_title":"","footnotes":""},"_links":{"self":[{"href":"https:\/\/groles-trotteurs.com\/index.php\/wp-json\/wp\/v2\/pages\/634"}],"collection":[{"href":"https:\/\/groles-trotteurs.com\/index.php\/wp-json\/wp\/v2\/pages"}],"about":[{"href":"https:\/\/groles-trotteurs.com\/index.php\/wp-json\/wp\/v2\/types\/page"}],"author":[{"embeddable":true,"href":"https:\/\/groles-trotteurs.com\/index.php\/wp-json\/wp\/v2\/users\/2"}],"replies":[{"embeddable":true,"href":"https:\/\/groles-trotteurs.com\/index.php\/wp-json\/wp\/v2\/comments?post=634"}],"version-history":[{"count":12,"href":"https:\/\/groles-trotteurs.com\/index.php\/wp-json\/wp\/v2\/pages\/634\/revisions"}],"predecessor-version":[{"id":906,"href":"https:\/\/groles-trotteurs.com\/index.php\/wp-json\/wp\/v2\/pages\/634\/revisions\/906"}],"wp:attachment":[{"href":"https:\/\/groles-trotteurs.com\/index.php\/wp-json\/wp\/v2\/media?parent=634"}],"curies":[{"name":"wp","href":"https:\/\/api.w.org\/{rel}","templated":true}]}}