{"id":633,"date":"2024-01-05T16:29:19","date_gmt":"2024-01-05T15:29:19","guid":{"rendered":"https:\/\/groles-trotteurs.com\/?page_id=633"},"modified":"2026-03-21T13:17:05","modified_gmt":"2026-03-21T12:17:05","slug":"tda-16-5","status":"publish","type":"page","link":"https:\/\/groles-trotteurs.com\/index.php\/tda-16-5\/","title":{"rendered":""},"content":{"rendered":"\n<div class=\"wp-block-media-text is-stacked-on-mobile is-vertically-aligned-center\" style=\"grid-template-columns:22% auto\"><figure class=\"wp-block-media-text__media\"><img loading=\"lazy\" decoding=\"async\" width=\"650\" height=\"600\" src=\"http:\/\/groles-trotteurs.com\/wp-content\/uploads\/2025\/10\/logo-21.png\" alt=\"\" class=\"wp-image-838 size-full\" srcset=\"https:\/\/groles-trotteurs.com\/wp-content\/uploads\/2025\/10\/logo-21.png 650w, https:\/\/groles-trotteurs.com\/wp-content\/uploads\/2025\/10\/logo-21-300x277.png 300w\" sizes=\"(max-width: 650px) 100vw, 650px\" \/><\/figure><div class=\"wp-block-media-text__content\">\n<p>retrouvez  ci dessous le roadbook ainsi que le circuit<\/p>\n<\/div><\/div>\n\n\n\n<div class=\"wp-block-file\"><a id=\"wp-block-file--media-08ae57bd-7c1e-4a76-9e0f-72166dc6441d\" href=\"https:\/\/groles-trotteurs.com\/wp-content\/uploads\/2026\/03\/road-book-TAD-21.xlsx\">road-book-TAD-21<\/a><a href=\"https:\/\/groles-trotteurs.com\/wp-content\/uploads\/2026\/03\/road-book-TAD-21.xlsx\" class=\"wp-block-file__button wp-element-button\" download aria-describedby=\"wp-block-file--media-08ae57bd-7c1e-4a76-9e0f-72166dc6441d\">T\u00e9l\u00e9charger<\/a><\/div>\n\n\n\n<figure class=\"wp-block-image size-large is-resized\"><img loading=\"lazy\" decoding=\"async\" width=\"1024\" height=\"303\" src=\"https:\/\/groles-trotteurs.com\/wp-content\/uploads\/2026\/03\/rb-21-1024x303.jpg\" alt=\"\" class=\"wp-image-910\" style=\"width:1171px;height:auto\" srcset=\"https:\/\/groles-trotteurs.com\/wp-content\/uploads\/2026\/03\/rb-21-1024x303.jpg 1024w, https:\/\/groles-trotteurs.com\/wp-content\/uploads\/2026\/03\/rb-21-300x89.jpg 300w, https:\/\/groles-trotteurs.com\/wp-content\/uploads\/2026\/03\/rb-21-768x227.jpg 768w, https:\/\/groles-trotteurs.com\/wp-content\/uploads\/2026\/03\/rb-21.jpg 1385w\" sizes=\"(max-width: 1024px) 100vw, 1024px\" \/><\/figure>\n\n\n\n<div data-wp-interactive=\"core\/file\" class=\"wp-block-file\"><object data-wp-bind--hidden=\"!state.hasPdfPreview\"  class=\"wp-block-file__embed\" data=\"https:\/\/groles-trotteurs.com\/wp-content\/uploads\/2026\/03\/trail-de-l-argent-double-21-km.pdf\" type=\"application\/pdf\" style=\"width:100%;height:600px\" aria-label=\"Contenu embarqu\u00e9 trail-de-l-argent-double-21-km.\"><\/object><a id=\"wp-block-file--media-1b9d1cd9-f018-4284-9581-74b90b36f008\" href=\"https:\/\/groles-trotteurs.com\/wp-content\/uploads\/2026\/03\/trail-de-l-argent-double-21-km.pdf\">trail-de-l-argent-double-21-km<\/a><a href=\"https:\/\/groles-trotteurs.com\/wp-content\/uploads\/2026\/03\/trail-de-l-argent-double-21-km.pdf\" class=\"wp-block-file__button wp-element-button\" download aria-describedby=\"wp-block-file--media-1b9d1cd9-f018-4284-9581-74b90b36f008\">T\u00e9l\u00e9charger<\/a><\/div>\n\n\n\n<p><strong>La trace au format GPX sera disponible au t\u00e9l\u00e9chargement peu de temps avant la course afin de respecter certaines zones priv\u00e9es.<\/strong><\/p>\n","protected":false},"excerpt":{"rendered":"<p>retrouvez ci dessous le roadbook ainsi que le circuit La trace au format GPX sera disponible au t\u00e9l\u00e9chargement peu de temps avant la course afin de respecter certaines zones priv\u00e9es.<\/p>\n","protected":false},"author":2,"featured_media":0,"parent":0,"menu_order":0,"comment_status":"closed","ping_status":"closed","template":"","meta":{"neve_meta_sidebar":"","neve_meta_container":"","neve_meta_enable_content_width":"","neve_meta_content_width":0,"neve_meta_title_alignment":"","neve_meta_author_avatar":"","neve_post_elements_order":"","neve_meta_disable_header":"","neve_meta_disable_footer":"","neve_meta_disable_title":"","footnotes":""},"_links":{"self":[{"href":"https:\/\/groles-trotteurs.com\/index.php\/wp-json\/wp\/v2\/pages\/633"}],"collection":[{"href":"https:\/\/groles-trotteurs.com\/index.php\/wp-json\/wp\/v2\/pages"}],"about":[{"href":"https:\/\/groles-trotteurs.com\/index.php\/wp-json\/wp\/v2\/types\/page"}],"author":[{"embeddable":true,"href":"https:\/\/groles-trotteurs.com\/index.php\/wp-json\/wp\/v2\/users\/2"}],"replies":[{"embeddable":true,"href":"https:\/\/groles-trotteurs.com\/index.php\/wp-json\/wp\/v2\/comments?post=633"}],"version-history":[{"count":12,"href":"https:\/\/groles-trotteurs.com\/index.php\/wp-json\/wp\/v2\/pages\/633\/revisions"}],"predecessor-version":[{"id":916,"href":"https:\/\/groles-trotteurs.com\/index.php\/wp-json\/wp\/v2\/pages\/633\/revisions\/916"}],"wp:attachment":[{"href":"https:\/\/groles-trotteurs.com\/index.php\/wp-json\/wp\/v2\/media?parent=633"}],"curies":[{"name":"wp","href":"https:\/\/api.w.org\/{rel}","templated":true}]}}