{"id":6,"date":"2022-02-06T03:13:54","date_gmt":"2022-02-06T02:13:54","guid":{"rendered":"https:\/\/groles-trotteurs.com\/officiel\/?page_id=6"},"modified":"2025-10-28T15:31:07","modified_gmt":"2025-10-28T14:31:07","slug":"accueil","status":"publish","type":"page","link":"https:\/\/groles-trotteurs.com\/","title":{"rendered":""},"content":{"rendered":"\n<hr class=\"wp-block-separator has-css-opacity\"\/>\n\n\n<div class=\"wp-block-image\">\n<figure class=\"aligncenter size-full is-resized\"><img loading=\"lazy\" decoding=\"async\" width=\"900\" height=\"350\" src=\"https:\/\/groles-trotteurs.com\/wp-content\/uploads\/2025\/10\/banniere2-tad26-jpeg.png\" alt=\"\" class=\"wp-image-834\" style=\"width:1174px;height:auto\" srcset=\"https:\/\/groles-trotteurs.com\/wp-content\/uploads\/2025\/10\/banniere2-tad26-jpeg.png 900w, https:\/\/groles-trotteurs.com\/wp-content\/uploads\/2025\/10\/banniere2-tad26-jpeg-300x117.png 300w, https:\/\/groles-trotteurs.com\/wp-content\/uploads\/2025\/10\/banniere2-tad26-jpeg-768x299.png 768w\" sizes=\"(max-width: 900px) 100vw, 900px\" \/><\/figure><\/div>\n\n\n<div class=\"wp-block-media-text is-stacked-on-mobile\"><figure class=\"wp-block-media-text__media\"><img loading=\"lazy\" decoding=\"async\" width=\"539\" height=\"822\" src=\"https:\/\/groles-trotteurs.com\/wp-content\/uploads\/2025\/10\/flyer-jpeg-1.jpg\" alt=\"\" class=\"wp-image-855 size-full\" srcset=\"https:\/\/groles-trotteurs.com\/wp-content\/uploads\/2025\/10\/flyer-jpeg-1.jpg 539w, https:\/\/groles-trotteurs.com\/wp-content\/uploads\/2025\/10\/flyer-jpeg-1-197x300.jpg 197w\" sizes=\"(max-width: 539px) 100vw, 539px\" \/><\/figure><div class=\"wp-block-media-text__content\">\n<p><\/p>\n\n\n\n<p><\/p>\n\n\n\n<p>Les parcours sont l\u00e0!!!<img loading=\"lazy\" decoding=\"async\" height=\"16\" width=\"16\" src=\"https:\/\/static.xx.fbcdn.net\/images\/emoji.php\/v9\/t6d\/1\/16\/1f973.png\" alt=\"\ud83e\udd73\"><img loading=\"lazy\" decoding=\"async\" height=\"16\" width=\"16\" src=\"https:\/\/static.xx.fbcdn.net\/images\/emoji.php\/v9\/t6d\/1\/16\/1f973.png\" alt=\"\ud83e\udd73\"><img loading=\"lazy\" decoding=\"async\" height=\"16\" width=\"16\" src=\"https:\/\/static.xx.fbcdn.net\/images\/emoji.php\/v9\/t58\/1\/16\/1f929.png\" alt=\"\ud83e\udd29\"><\/p>\n\n\n\n<p><\/p>\n\n\n\n<p>Comme chaque ann\u00e9e, 4 formats disponibles et un ratio distance\/d\u00e9nivel\u00e9 fid\u00e8le a notre \u00e9v\u00e9nement!<\/p>\n\n\n\n<p>Petite particularit\u00e9, nos courses sont 100% sur le territoire audois!<\/p>\n\n\n\n<p>Habitu\u00e9 ou non au TAD, beaucoup de nouveaut\u00e9s et de d\u00e9couvertes vous attendent dans le minervois et jusqu&rsquo;au pied de la montagne noire.<\/p>\n\n\n\n<p>Pour rappel, ouverture des inscriptions en d\u00e9cembre !<\/p>\n\n\n\n<p>Le r\u00e8glement, les parcours, tout sera mis r\u00e9guli\u00e8rement \u00e0 jour.<\/p>\n\n\n\n<figure class=\"wp-block-image size-large\"><img loading=\"lazy\" decoding=\"async\" width=\"1024\" height=\"691\" src=\"http:\/\/groles-trotteurs.com\/wp-content\/uploads\/2023\/09\/IMG_20200712_135356_308-1024x691.jpg\" alt=\"\" class=\"wp-image-552\" srcset=\"https:\/\/groles-trotteurs.com\/wp-content\/uploads\/2023\/09\/IMG_20200712_135356_308-1024x691.jpg 1024w, https:\/\/groles-trotteurs.com\/wp-content\/uploads\/2023\/09\/IMG_20200712_135356_308-300x203.jpg 300w, https:\/\/groles-trotteurs.com\/wp-content\/uploads\/2023\/09\/IMG_20200712_135356_308-768x518.jpg 768w, https:\/\/groles-trotteurs.com\/wp-content\/uploads\/2023\/09\/IMG_20200712_135356_308.jpg 1440w\" sizes=\"(max-width: 1024px) 100vw, 1024px\" \/><\/figure>\n\n\n\n<p><\/p>\n\n\n\n<p><\/p>\n<\/div><\/div>\n\n\n\n<hr class=\"wp-block-separator has-css-opacity\"\/>\n\n\n\n<div class=\"wp-block-columns is-layout-flex wp-container-core-columns-is-layout-2 wp-block-columns-is-layout-flex\">\n<div class=\"wp-block-column is-layout-flow wp-block-column-is-layout-flow\">\n<div class=\"ycd-all-content-wrapper ycd-countdown-content-wrapper-859\"><div class=\"ycd-countdown-wrapper\"><div class=\"ycd-circle-expiration-before-countdown\" style=\"display:none\"><\/div><div class=\"ycd-circle-before-countdown\"><\/div>\t\t<div class=\"ycd-circle-859-wrapper ycd-circle-wrapper ycd-countdown-content-wrapper\">\n\t\t\t<div\n\t\t\t\tid=\"ycd-circle-859\"\n\t\t\t\tdata-id=\"859\"\n\t\t\t\tclass=\"ycd-time-circle\"\n\t\t\t\tdata-options='{&quot;id&quot;:859,&quot;ycd-seconds&quot;:-1005809,&quot;ycd-countdown-date-type&quot;:&quot;dueDate&quot;,&quot;ycd-countdown-duration-days&quot;:&quot;0&quot;,&quot;ycd-countdown-duration-hours&quot;:&quot;0&quot;,&quot;ycd-countdown-duration-minutes&quot;:&quot;0&quot;,&quot;ycd-countdown-duration-seconds&quot;:&quot;30&quot;,&quot;ycd-countdown-save-duration&quot;:&quot;&quot;,&quot;ycd-countdown-save-duration-each-user&quot;:&quot;&quot;,&quot;ycd-date-time-picker&quot;:&quot;2026-04-05 07:00&quot;,&quot;ycd-time-zone&quot;:&quot;Europe\\\/Paris&quot;,&quot;ycd-countdown-restart&quot;:&quot;&quot;,&quot;ycd-countdown-restart-hour&quot;:&quot;1&quot;,&quot;ycd-countdown-expire-behavior&quot;:&quot;hideCountdown&quot;,&quot;ycd-count-up-from-end-date&quot;:&quot;&quot;,&quot;ycd-countdown-enable-woo-condition&quot;:&quot;checked&quot;,&quot;ycd-woo-condition&quot;:&quot;disabled&quot;,&quot;ycd-scroll-to-countdown&quot;:&quot;&quot;,&quot;isExpired&quot;:true,&quot;animation&quot;:&quot;smooth&quot;,&quot;direction&quot;:&quot;Clockwise&quot;,&quot;fg_width&quot;:&quot;0.1&quot;,&quot;bg_width&quot;:&quot;1.2&quot;,&quot;start_angle&quot;:&quot;0&quot;,&quot;count_past_zero&quot;:false,&quot;hideTextInsideCircle&quot;:true,&quot;circle_bg_color&quot;:&quot;#60686F&quot;,&quot;use_background&quot;:&quot;checked&quot;,&quot;ycd-schedule-time-zone&quot;:&quot;&quot;,&quot;startDay&quot;:null,&quot;startDayNumber&quot;:null,&quot;endDay&quot;:null,&quot;endDayNumber&quot;:null,&quot;currentDayNumber&quot;:null,&quot;ycd-schedule-end-to&quot;:&quot;&quot;,&quot;ycd-schedule-start-from&quot;:&quot;&quot;,&quot;ycd-countdown-showing-limitation&quot;:&quot;&quot;,&quot;ycd-countdown-expiration-time&quot;:&quot;1&quot;,&quot;ycd-countdown-switch-number&quot;:&quot;&quot;,&quot;ycd-countdown-last-seconds&quot;:&quot;checked&quot;,&quot;ycd-countdown-last-seconds-duration&quot;:&quot;10&quot;,&quot;ycd-countdown-last-seconds-color&quot;:&quot;rgba(250, 0, 0, 1)&quot;,&quot;time&quot;:{&quot;Years&quot;:{&quot;text&quot;:&quot;Years&quot;,&quot;color&quot;:&quot;#A52A2A&quot;,&quot;show&quot;:&quot;&quot;},&quot;Months&quot;:{&quot;text&quot;:&quot;Months&quot;,&quot;color&quot;:&quot;#8A2BE2&quot;,&quot;show&quot;:&quot;&quot;},&quot;Days&quot;:{&quot;text&quot;:&quot;DAYS&quot;,&quot;color&quot;:&quot;#FFCC66&quot;,&quot;show&quot;:&quot;checked&quot;},&quot;Hours&quot;:{&quot;text&quot;:&quot;HOURS&quot;,&quot;color&quot;:&quot;#99CCFF&quot;,&quot;show&quot;:&quot;checked&quot;},&quot;Minutes&quot;:{&quot;text&quot;:&quot;MINUTES&quot;,&quot;color&quot;:&quot;#BBFFBB&quot;,&quot;show&quot;:&quot;checked&quot;},&quot;Seconds&quot;:{&quot;text&quot;:&quot;SECONDS&quot;,&quot;color&quot;:&quot;#FF9999&quot;,&quot;show&quot;:&quot;checked&quot;}}}'\n\t\t\t\tdata-all-options='{&quot;ycd-fixed-position&quot;:&quot;top_left&quot;,&quot;ycd-fixed-positions-top&quot;:&quot;0px&quot;,&quot;ycd-fixed-positions-right&quot;:&quot;0px&quot;,&quot;ycd-fixed-positions-bottom&quot;:&quot;0px&quot;,&quot;ycd-fixed-positions-left&quot;:&quot;0px&quot;,&quot;ycd-countdown-display-on&quot;:&quot;on&quot;,&quot;ycd-position-countdown&quot;:&quot;top_center&quot;,&quot;ycd-display-settings&quot;:[{&quot;key1&quot;:&quot;select_settings&quot;,&quot;key3&quot;:[]}],&quot;ycd-countdown-date-type&quot;:&quot;dueDate&quot;,&quot;ycd-date-time-picker&quot;:&quot;2026-04-05 07:00&quot;,&quot;ycd-circle-time-zone&quot;:&quot;Europe\\\/Paris&quot;,&quot;ycd-woo-time-zone&quot;:&quot;&quot;,&quot;ycd-woo-coupon-date&quot;:&quot;&quot;,&quot;ycd-countdown-restart-hour&quot;:&quot;1&quot;,&quot;ycd-countdown-duration-days&quot;:&quot;0&quot;,&quot;ycd-countdown-duration-hours&quot;:&quot;0&quot;,&quot;ycd-countdown-duration-minutes&quot;:&quot;0&quot;,&quot;ycd-countdown-duration-seconds&quot;:&quot;30&quot;,&quot;ycd-schedule-time-zone&quot;:&quot;&quot;,&quot;ycd-schedule-start-from&quot;:&quot;&quot;,&quot;ycd-schedule-end-to&quot;:&quot;&quot;,&quot;ycd-schedule2-time-zone&quot;:&quot;&quot;,&quot;ycd-schedule2-from&quot;:&quot;&quot;,&quot;ycd-schedule2-to&quot;:&quot;&quot;,&quot;ycd-schedule3-time-zone&quot;:&quot;&quot;,&quot;ycd-schedule3-time&quot;:&quot;&quot;,&quot;ycd-countdown-enable-woo-condition&quot;:&quot;on&quot;,&quot;ycd-woo-condition&quot;:&quot;disabled&quot;,&quot;ycd-countdown-start-date&quot;:&quot;2025-10-28 14:24&quot;,&quot;ycd-countdown-start-time-zone&quot;:&quot;Europe\\\/Paris&quot;,&quot;ycd-countdown-end-sound-url&quot;:&quot;https:\\\/\\\/groles-trotteurs.com\\\/wp-content\\\/plugins\\\/countdown-builder\\\/lib\\\/alarm.mp3&quot;,&quot;ycd-custom-css&quot;:&quot;&quot;,&quot;ycd-custom-js&quot;:&quot;&quot;,&quot;ycd-subscribe-width&quot;:&quot;100%&quot;,&quot;ycd-form-above-text&quot;:&quot;Join Our Newsletter&quot;,&quot;ycd-form-input-text&quot;:&quot;Enter your email here&quot;,&quot;ycd-form-submit-text&quot;:&quot;Subscribe&quot;,&quot;ycd-form-submit-color&quot;:&quot;#3274d1&quot;,&quot;ycd-subscribe-success-message&quot;:&quot;Thanks for subscribing.&quot;,&quot;ycd-subscribe-error-message&quot;:&quot;Invalid email address.&quot;,&quot;ycd-countdown-expire-behavior&quot;:&quot;hideCountdown&quot;,&quot;ycd-expire-text&quot;:&quot;&quot;,&quot;ycd-expire-url&quot;:&quot;&quot;,&quot;ycd-button-name&quot;:&quot;Buy Now&quot;,&quot;ycd-button-width&quot;:&quot;200px&quot;,&quot;ycd-button-height&quot;:&quot;50px&quot;,&quot;ycd-button-border-width&quot;:&quot;0px&quot;,&quot;ycd-button-border-types&quot;:&quot;0&quot;,&quot;ycd-button-border-radius&quot;:&quot;5&quot;,&quot;ycd-button-margin-top&quot;:&quot;0px&quot;,&quot;ycd-button-margin-right&quot;:&quot;0px&quot;,&quot;ycd-button-margin-bottom&quot;:&quot;0px&quot;,&quot;ycd-button-margin-left&quot;:&quot;0px&quot;,&quot;ycd-button-opacity&quot;:&quot;1&quot;,&quot;ycd-button-font-size&quot;:&quot;14px&quot;,&quot;ycd-button-bg-color&quot;:&quot;#4dba7a&quot;,&quot;ycd-button-color&quot;:&quot;#ffffff&quot;,&quot;ycd-button-border-color&quot;:&quot;&quot;,&quot;ycd-button-hover-animation-speed&quot;:&quot;&quot;,&quot;ycd-button-hover-bg-color&quot;:&quot;#4dba7a&quot;,&quot;ycd-button-hover-color&quot;:&quot;#ffffff&quot;,&quot;ycd-countdown-button-behavior&quot;:&quot;redirect&quot;,&quot;ycd-button-action-url&quot;:&quot;https:\\\/\\\/groles-trotteurs.com&quot;,&quot;ycd-scroll-to-selector&quot;:&quot;&quot;,&quot;ycd-animation-speed&quot;:&quot;&quot;,&quot;ycd-download-url&quot;:&quot;&quot;,&quot;ycd-download-name&quot;:&quot;&quot;,&quot;ycd-button-copy-text&quot;:&quot;&quot;,&quot;ycd-button-alert-text&quot;:&quot;&quot;,&quot;ycd-countdown-floating-position&quot;:&quot;top_left&quot;,&quot;ycd-countdown-floating-position-top&quot;:&quot;0px&quot;,&quot;ycd-countdown-floating-position-right&quot;:&quot;0px&quot;,&quot;ycd-countdown-floating-position-bottom&quot;:&quot;0px&quot;,&quot;ycd-countdown-floating-position-left&quot;:&quot;0px&quot;,&quot;ycd-countdown-floating-text&quot;:&quot;Click&quot;,&quot;ycd-countdown-floating-close-text&quot;:&quot;Fermer&quot;,&quot;ycd-countdown-floating-padding-top&quot;:&quot;0px&quot;,&quot;ycd-countdown-floating-padding-right&quot;:&quot;0px&quot;,&quot;ycd-countdown-floating-padding-bottom&quot;:&quot;0px&quot;,&quot;ycd-countdown-floating-padding-left&quot;:&quot;0px&quot;,&quot;ycd-countdown-floating-text-padding-top&quot;:&quot;0px&quot;,&quot;ycd-countdown-floating-text-padding-right&quot;:&quot;0px&quot;,&quot;ycd-countdown-floating-text-padding-bottom&quot;:&quot;0px&quot;,&quot;ycd-countdown-floating-text-padding-left&quot;:&quot;0px&quot;,&quot;ycd-countdown-floating-text-size&quot;:&quot;20px&quot;,&quot;ycd-countdown-floating-font-weight&quot;:&quot;normal&quot;,&quot;ycd-countdown-floating-text-color&quot;:&quot;&quot;,&quot;ycd-countdown-floating-text-bg-color&quot;:&quot;&quot;,&quot;ycd-countdown-floating-text-content-bg-color&quot;:&quot;&quot;,&quot;ycd-date-progress-start-date&quot;:&quot;2025-10-28 14:24&quot;,&quot;ycd-progress-width&quot;:&quot;&quot;,&quot;ycd-progress-height&quot;:&quot;&quot;,&quot;ycd-progress-main-color&quot;:&quot;&quot;,&quot;ycd-progress-color&quot;:&quot;&quot;,&quot;ycd-progress-text-color&quot;:&quot;&quot;,&quot;ycd-text-font-size&quot;:&quot;9&quot;,&quot;ycd-text-margin-top&quot;:&quot;0&quot;,&quot;ycd-countdown-font-weight&quot;:&quot;normal&quot;,&quot;ycd-countdown-font-style&quot;:&quot;initial&quot;,&quot;ycd-text-font-family&quot;:&quot;Century Gothic&quot;,&quot;ycd-text-font-family-custom&quot;:&quot;&quot;,&quot;ycd-countdown-number-size&quot;:&quot;35&quot;,&quot;ycd-number-margin-top&quot;:&quot;0&quot;,&quot;ycd-countdown-number-font-weight&quot;:&quot;bold&quot;,&quot;ycd-countdown-number-font-style&quot;:&quot;normal&quot;,&quot;ycd-countdown-number-font&quot;:&quot;inherit&quot;,&quot;ycd-number-font-family-custom&quot;:&quot;&quot;,&quot;ycd-countdown-years-text&quot;:&quot;Years&quot;,&quot;ycd-countdown-years-color&quot;:&quot;#a52a2a&quot;,&quot;ycd-countdown-years-text-color&quot;:&quot;#000000&quot;,&quot;ycd-countdown-years-numbers-color&quot;:&quot;#000000&quot;,&quot;ycd-countdown-months-text&quot;:&quot;Months&quot;,&quot;ycd-countdown-months-color&quot;:&quot;#8a2be2&quot;,&quot;ycd-countdown-months-text-color&quot;:&quot;#000000&quot;,&quot;ycd-countdown-months-numbers-color&quot;:&quot;&quot;,&quot;ycd-countdown-days&quot;:&quot;on&quot;,&quot;ycd-countdown-days-text&quot;:&quot;DAYS&quot;,&quot;ycd-countdown-days-color&quot;:&quot;#ffcc66&quot;,&quot;ycd-countdown-days-text-color&quot;:&quot;#000000&quot;,&quot;ycd-countdown-days-numbers-color&quot;:&quot;#000000&quot;,&quot;ycd-countdown-hours&quot;:&quot;on&quot;,&quot;ycd-countdown-hours-text&quot;:&quot;HOURS&quot;,&quot;ycd-countdown-hours-color&quot;:&quot;#99ccff&quot;,&quot;ycd-countdown-hours-text-color&quot;:&quot;#000000&quot;,&quot;ycd-countdown-hours-numbers-color&quot;:&quot;#000000&quot;,&quot;ycd-countdown-minutes&quot;:&quot;on&quot;,&quot;ycd-countdown-minutes-text&quot;:&quot;MINUTES&quot;,&quot;ycd-countdown-minutes-color&quot;:&quot;#bbffbb&quot;,&quot;ycd-countdown-minutes-text-color&quot;:&quot;#000000&quot;,&quot;ycd-countdown-minutes-numbers-color&quot;:&quot;#000000&quot;,&quot;ycd-countdown-seconds&quot;:&quot;on&quot;,&quot;ycd-countdown-seconds-text&quot;:&quot;SECONDS&quot;,&quot;ycd-countdown-seconds-color&quot;:&quot;#ff9999&quot;,&quot;ycd-countdown-seconds-text-color&quot;:&quot;#000000&quot;,&quot;ycd-countdown-last-seconds&quot;:&quot;on&quot;,&quot;ycd-countdown-last-seconds-duration&quot;:&quot;10&quot;,&quot;ycd-countdown-last-seconds-color&quot;:&quot;rgba(250, 0, 0, 1)&quot;,&quot;ycd-countdown-seconds-numbers-color&quot;:&quot;#000000&quot;,&quot;ycd-circle-alignment&quot;:&quot;center&quot;,&quot;ycd-circle-animation&quot;:&quot;smooth&quot;,&quot;ycd-countdown-width&quot;:&quot;500&quot;,&quot;ycd-dimension-measure&quot;:&quot;px&quot;,&quot;ycd-countdown-background-circle&quot;:&quot;on&quot;,&quot;ycd-circle-bg-width&quot;:&quot;1.2&quot;,&quot;ycd-countdown-bg-circle-color&quot;:&quot;#60686f&quot;,&quot;ycd-countdown-direction&quot;:&quot;Clockwise&quot;,&quot;ycd-circle-width&quot;:&quot;0.1&quot;,&quot;ycd-circle-start-angle&quot;:&quot;0&quot;,&quot;ycd-bg-image-size&quot;:&quot;cover&quot;,&quot;ycd-bg-image-repeat&quot;:&quot;no-repeat&quot;,&quot;ycd-bg-image-url&quot;:&quot;&quot;,&quot;ycd-bg-video-url&quot;:&quot;&quot;,&quot;ycd-countdown-content-click-url&quot;:&quot;&quot;,&quot;ycd-countdown-expiration-time&quot;:&quot;1&quot;,&quot;ycd-circle-showing-animation&quot;:&quot;No effect&quot;,&quot;ycd-circle-showing-animation-speed&quot;:&quot;1&quot;,&quot;ycd-circle-box-shadow-horizontal-length&quot;:&quot;10&quot;,&quot;ycd-circle-box-shadow-vertical-length&quot;:&quot;10&quot;,&quot;ycd-circle-box-blur-radius&quot;:&quot;5&quot;,&quot;ycd-circle-box-spread-radius&quot;:&quot;1&quot;,&quot;ycd-circle-box-shadow-color&quot;:&quot;#ffffff&quot;,&quot;ycd-countdown-padding&quot;:&quot;0&quot;,&quot;ycd-circle-countdown-before-countdown&quot;:&quot;&quot;,&quot;ycd-circle-countdown-after-countdown&quot;:&quot;&quot;,&quot;ycd-circle-countdown-expiration-before-countdown&quot;:&quot;&quot;,&quot;ycd-circle-countdown-expiration-after-countdown&quot;:&quot;&quot;,&quot;ycd-tr&quot;:{&quot;{translationId}&quot;:{&quot;language&quot;:&quot;af&quot;,&quot;Years&quot;:&quot;&quot;,&quot;Months&quot;:&quot;&quot;,&quot;Days&quot;:&quot;&quot;,&quot;Hours&quot;:&quot;&quot;,&quot;Minutes&quot;:&quot;&quot;,&quot;Seconds&quot;:&quot;&quot;}},&quot;ycd-type&quot;:&quot;circle&quot;,&quot;ycd-post-id&quot;:&quot;859&quot;,&quot;id&quot;:859}'\n\t\t\t\tdata-timer=\"0\"\n\t\t\t\tstyle=\"background-image: url(); background-repeat: no-repeat; background-size: cover; ; width: 500px; height: 100%; padding: 0; box-sizing: border-box; background-color: inherit\">\n\t\t\t<\/div>\n\t\t<\/div>\n\t\t<div class=\"ycd-circle-expiration-after-countdown\" style=\"display:none\"><\/div><div class=\"ycd-circle-after-countdown\"><\/div><\/div>\t    <style type=\"text\/css\">\n            #ycd-circle-859 {\n                padding: 0px;\n                box-sizing: border-box;\n                display: inline-block;\n            }\n            #ycd-circle-859 h4 {\n                font-size: 9px !important;\n                margin-top: 0px !important;\n                font-weight: normal !important;\n                font-style: initial !important;\n                font-family: Century Gothic !important;\n            }\n            #ycd-circle-859 span {\n                font-size: 35px !important;\n                margin-top: 0px !important;\n                font-weight: bold !important;\n                font-style: normal !important;\n                font-family: inherit !important;\n            }\n            #ycd-circle-859 .textDiv_Years h4 {\n                color: #000000            }\n            #ycd-circle-859 .textDiv_Years span {\n                color: #000000            }\n            #ycd-circle-859 .textDiv_Months h4 {\n                color: #000000            }\n            #ycd-circle-859 .textDiv_Months span {\n                color:             }\n            #ycd-circle-859 .textDiv_Days h4 {\n                color: #000000            }\n            #ycd-circle-859 .textDiv_Days span {\n                color: #000000            }\n            #ycd-circle-859 .textDiv_Hours h4 {\n                color: #000000            }\n            #ycd-circle-859 .textDiv_Hours span {\n                color: #000000            }\n            #ycd-circle-859 .textDiv_Minutes h4 { \n                color: #000000            }\n            #ycd-circle-859 .textDiv_Minutes span {\n                color: #000000            }\n            #ycd-circle-859 .textDiv_Seconds h4 {\n                color: #000000            }\n            #ycd-circle-859 .textDiv_Seconds span {\n                color: #000000            }\n            .ycd-circle-859-wrapper {\n                text-align: center;\n            }\n                    <\/style>\n        <\/div>\n\n\n\n<hr class=\"wp-block-separator has-alpha-channel-opacity\"\/>\n\n\n\n<div class=\"wp-block-columns is-layout-flex wp-container-core-columns-is-layout-1 wp-block-columns-is-layout-flex\">\n<div class=\"wp-block-column is-layout-flow wp-block-column-is-layout-flow\"><\/div>\n<\/div>\n\n\n\n<p><\/p>\n\n\n\n<p><\/p>\n\n\n\n<p><\/p>\n\n\n\n<p class=\"has-text-align-right\"><\/p>\n<\/div>\n<\/div>\n\n\n\n<p class=\"has-text-align-right\">Contact <strong>\u2709<\/strong>:<a href=\"grolestrotteurs@gmail.com\" data-type=\"link\" data-id=\"grolestrotteurs@gmail.com\">grolestrotteurs@gmail.com<\/a> <\/p>\n\n\n\n<ul class=\"wp-block-social-links alignright is-layout-flex wp-block-social-links-is-layout-flex\"><li class=\"wp-social-link wp-social-link-facebook  wp-block-social-link\"><a href=\"https:\/\/www.facebook.com\/profile.php?id=100031566382927\" class=\"wp-block-social-link-anchor\"><svg width=\"24\" height=\"24\" viewBox=\"0 0 24 24\" version=\"1.1\" xmlns=\"http:\/\/www.w3.org\/2000\/svg\" aria-hidden=\"true\" focusable=\"false\"><path d=\"M12 2C6.5 2 2 6.5 2 12c0 5 3.7 9.1 8.4 9.9v-7H7.9V12h2.5V9.8c0-2.5 1.5-3.9 3.8-3.9 1.1 0 2.2.2 2.2.2v2.5h-1.3c-1.2 0-1.6.8-1.6 1.6V12h2.8l-.4 2.9h-2.3v7C18.3 21.1 22 17 22 12c0-5.5-4.5-10-10-10z\"><\/path><\/svg><span class=\"wp-block-social-link-label screen-reader-text\">Facebook<\/span><\/a><\/li>\n\n<li class=\"wp-social-link wp-social-link-instagram  wp-block-social-link\"><a href=\"https:\/\/www.instagram.com\/grolestrotteursduminervois11\/?utm_source=qr&#038;igshid=MThlNWY1MzQwNA%3D%3D&#038;fbclid=IwAR1QRNeRb1hdpQiIae0pSznBmSAr25Z0B0Dr5ZzrX6_Pwo0MIm5nOofKt4g\" class=\"wp-block-social-link-anchor\"><svg width=\"24\" height=\"24\" viewBox=\"0 0 24 24\" version=\"1.1\" xmlns=\"http:\/\/www.w3.org\/2000\/svg\" aria-hidden=\"true\" focusable=\"false\"><path d=\"M12,4.622c2.403,0,2.688,0.009,3.637,0.052c0.877,0.04,1.354,0.187,1.671,0.31c0.42,0.163,0.72,0.358,1.035,0.673 c0.315,0.315,0.51,0.615,0.673,1.035c0.123,0.317,0.27,0.794,0.31,1.671c0.043,0.949,0.052,1.234,0.052,3.637 s-0.009,2.688-0.052,3.637c-0.04,0.877-0.187,1.354-0.31,1.671c-0.163,0.42-0.358,0.72-0.673,1.035 c-0.315,0.315-0.615,0.51-1.035,0.673c-0.317,0.123-0.794,0.27-1.671,0.31c-0.949,0.043-1.233,0.052-3.637,0.052 s-2.688-0.009-3.637-0.052c-0.877-0.04-1.354-0.187-1.671-0.31c-0.42-0.163-0.72-0.358-1.035-0.673 c-0.315-0.315-0.51-0.615-0.673-1.035c-0.123-0.317-0.27-0.794-0.31-1.671C4.631,14.688,4.622,14.403,4.622,12 s0.009-2.688,0.052-3.637c0.04-0.877,0.187-1.354,0.31-1.671c0.163-0.42,0.358-0.72,0.673-1.035 c0.315-0.315,0.615-0.51,1.035-0.673c0.317-0.123,0.794-0.27,1.671-0.31C9.312,4.631,9.597,4.622,12,4.622 M12,3 C9.556,3,9.249,3.01,8.289,3.054C7.331,3.098,6.677,3.25,6.105,3.472C5.513,3.702,5.011,4.01,4.511,4.511 c-0.5,0.5-0.808,1.002-1.038,1.594C3.25,6.677,3.098,7.331,3.054,8.289C3.01,9.249,3,9.556,3,12c0,2.444,0.01,2.751,0.054,3.711 c0.044,0.958,0.196,1.612,0.418,2.185c0.23,0.592,0.538,1.094,1.038,1.594c0.5,0.5,1.002,0.808,1.594,1.038 c0.572,0.222,1.227,0.375,2.185,0.418C9.249,20.99,9.556,21,12,21s2.751-0.01,3.711-0.054c0.958-0.044,1.612-0.196,2.185-0.418 c0.592-0.23,1.094-0.538,1.594-1.038c0.5-0.5,0.808-1.002,1.038-1.594c0.222-0.572,0.375-1.227,0.418-2.185 C20.99,14.751,21,14.444,21,12s-0.01-2.751-0.054-3.711c-0.044-0.958-0.196-1.612-0.418-2.185c-0.23-0.592-0.538-1.094-1.038-1.594 c-0.5-0.5-1.002-0.808-1.594-1.038c-0.572-0.222-1.227-0.375-2.185-0.418C14.751,3.01,14.444,3,12,3L12,3z M12,7.378 c-2.552,0-4.622,2.069-4.622,4.622S9.448,16.622,12,16.622s4.622-2.069,4.622-4.622S14.552,7.378,12,7.378z M12,15 c-1.657,0-3-1.343-3-3s1.343-3,3-3s3,1.343,3,3S13.657,15,12,15z M16.804,6.116c-0.596,0-1.08,0.484-1.08,1.08 s0.484,1.08,1.08,1.08c0.596,0,1.08-0.484,1.08-1.08S17.401,6.116,16.804,6.116z\"><\/path><\/svg><span class=\"wp-block-social-link-label screen-reader-text\">Instagram<\/span><\/a><\/li><\/ul>\n\n\n<div class=\"wp-block-image\">\n<figure class=\"alignright size-full is-resized\"><img loading=\"lazy\" decoding=\"async\" width=\"591\" height=\"422\" src=\"https:\/\/groles-trotteurs.com\/wp-content\/uploads\/2023\/09\/grolles-nb-1.png\" alt=\"\" class=\"wp-image-493\" style=\"width:170px;height:121px\" srcset=\"https:\/\/groles-trotteurs.com\/wp-content\/uploads\/2023\/09\/grolles-nb-1.png 591w, https:\/\/groles-trotteurs.com\/wp-content\/uploads\/2023\/09\/grolles-nb-1-300x214.png 300w\" sizes=\"(max-width: 591px) 100vw, 591px\" \/><\/figure><\/div>","protected":false},"excerpt":{"rendered":"<p>Contact \u2709:grolestrotteurs@gmail.com<\/p>\n","protected":false},"author":1,"featured_media":602,"parent":0,"menu_order":0,"comment_status":"closed","ping_status":"closed","template":"","meta":{"neve_meta_sidebar":"","neve_meta_container":"","neve_meta_enable_content_width":"on","neve_meta_content_width":100,"neve_meta_title_alignment":"","neve_meta_author_avatar":"","neve_post_elements_order":"","neve_meta_disable_header":"","neve_meta_disable_footer":"","neve_meta_disable_title":"on","footnotes":""},"_links":{"self":[{"href":"https:\/\/groles-trotteurs.com\/index.php\/wp-json\/wp\/v2\/pages\/6"}],"collection":[{"href":"https:\/\/groles-trotteurs.com\/index.php\/wp-json\/wp\/v2\/pages"}],"about":[{"href":"https:\/\/groles-trotteurs.com\/index.php\/wp-json\/wp\/v2\/types\/page"}],"author":[{"embeddable":true,"href":"https:\/\/groles-trotteurs.com\/index.php\/wp-json\/wp\/v2\/users\/1"}],"replies":[{"embeddable":true,"href":"https:\/\/groles-trotteurs.com\/index.php\/wp-json\/wp\/v2\/comments?post=6"}],"version-history":[{"count":99,"href":"https:\/\/groles-trotteurs.com\/index.php\/wp-json\/wp\/v2\/pages\/6\/revisions"}],"predecessor-version":[{"id":863,"href":"https:\/\/groles-trotteurs.com\/index.php\/wp-json\/wp\/v2\/pages\/6\/revisions\/863"}],"wp:featuredmedia":[{"embeddable":true,"href":"https:\/\/groles-trotteurs.com\/index.php\/wp-json\/wp\/v2\/media\/602"}],"wp:attachment":[{"href":"https:\/\/groles-trotteurs.com\/index.php\/wp-json\/wp\/v2\/media?parent=6"}],"curies":[{"name":"wp","href":"https:\/\/api.w.org\/{rel}","templated":true}]}}