{"id":573,"date":"2023-09-08T17:50:26","date_gmt":"2023-09-08T15:50:26","guid":{"rendered":"https:\/\/groles-trotteurs.com\/?page_id=573"},"modified":"2025-11-10T19:27:10","modified_gmt":"2025-11-10T18:27:10","slug":"reglement","status":"publish","type":"page","link":"https:\/\/groles-trotteurs.com\/index.php\/reglement\/","title":{"rendered":"R\u00e8glement"},"content":{"rendered":"\n<p><\/p>\n\n\n\n<p class=\"has-text-align-center\">TRAIL DE L&rsquo;ARGENT DOUBLE 05\/04\/2026 CAUNES MINERVOIS<br>R\u00e8glement G\u00e9n\u00e9ral de la Course<\/p>\n\n\n\n<p>1-Organisation<br>Les Groles Trotteurs Du Minervois, Association Loi 1901, organise le 05 avril 2026 Le Trail De L\u2019Argent Double.<br>L\u2019organisation (accueil, d\u00e9part, arriv\u00e9e, podium, secours) se trouve au Foyer Municipal (Salle Fran\u00e7ois Mitterrand) 11160 CAUNES MINERVOIS<\/p>\n\n\n\n<p><\/p>\n\n\n\n<p><\/p>\n\n\n\n<p>2-D\u00e9finition de l\u2019\u00e9preuve<br>Le Trail De L\u2019Argent Double est une course de moyenne montagne d\u00e9clin\u00e9e sur 4 parcours :<\/p>\n\n\n\n<ul>\n<li>1er Parcours : 64 KM- 4032m D\u00e9nivel\u00e9 Positif D\u00e9part 5H00<br>Cat\u00e9gories concern\u00e9es : Masters, S\u00e9niors, Espoirs<\/li>\n\n\n\n<li>2i\u00e8me Parcours : 32 KM- 2058m D\u00e9nivel\u00e9 Positif D\u00e9part 8H00<br>Cat\u00e9gories concern\u00e9es : Masters, S\u00e9niors, Espoirs<\/li>\n\n\n\n<li>3i\u00e8me Parcours : 21KM- 1210m D\u00e9nivel\u00e9 Positif D\u00e9part 9H00<br>Cat\u00e9gories concern\u00e9es : Masters, S\u00e9niors, Espoirs<\/li>\n\n\n\n<li>4i\u00e8me Parcours : 12 KM &#8211; 621m D\u00e9nivel\u00e9 Positif D\u00e9part 10H00<br>Cat\u00e9gories concern\u00e9es : Masters, S\u00e9niors, Espoirs et Juniors<\/li>\n\n\n\n<li>Randonn\u00e9e p\u00e9destre : 9 KM &#8211; 300m D\u00e9nivel\u00e9 Positif D\u00e9part 10H05<\/li>\n<\/ul>\n\n\n\n<p><\/p>\n\n\n\n<p>3- Conditions de participation des concurrents<br>La participation n\u2019est ouverte qu\u2019aux coureurs qui disposent :<\/p>\n\n\n\n<ul>\n<li>D\u2019une licence sportive FFA (pas FFTRI)<\/li>\n\n\n\n<li>D\u2019un PPS (Parcours Pr\u00e9vention Sant\u00e9) pour les coureurs non licenci\u00e9s ou licenci\u00e9s \u00e0 une autre f\u00e9d\u00e9ration que celles cit\u00e9es ci-dessus de moins de 3 mois (htpps:\/\/pps.athle.fr)<\/li>\n<\/ul>\n\n\n\n<p>Age Minimum : -12 km \u00e0 partir de 18 ans (n\u00e9 avant le 31\/12\/2008 inclus)<br>&#8211; Autres distances \u00e0 partir de 20 ans (n\u00e9 avant le 31\/12\/2006 inclus)<br><\/p>\n\n\n\n<p><\/p>\n\n\n\n<p>4-Inscriptions<br>Les inscriptions sont limit\u00e9es \u00e0 700 inscrits au total pour les 4 parcours.<br>L\u2019inscription se fera en ligne sur le site de Chrono-Start et sera obligatoirement suivie du paiement en ligne.<br>Le t\u00e9l\u00e9chargement du PPS ou d\u2019une licence conforme devra se faire d\u00e8s que possible.<br>Cl\u00f4ture des inscriptions : le 29 mars 2026<br>Des listes d\u2019attente seront mises en place lorsqu\u2019une distance affichera complet. L\u2019inscription en liste d\u2019attente sera possible en f\u00e9vrier 2026, avec renseignement obligatoire de la licence ou du PPS.<br>D\u00e8s qu\u2019un dossard se lib\u00e9rera, il sera automatiquement disponible pour un coureur en liste d\u2019attente. Ce dernier en sera inform\u00e9 par mail et il aura un d\u00e9lai de 3 jours pour valider son inscription.<br>Lors de l\u2019inscription, les coureurs ont la possibilit\u00e9 de souscrire une assurance annulation (remboursement \u00e0 100%).<br>Dans le cas d\u2019une demande d\u2019annulation (hors assurance), un remboursement pourra \u00eatre effectu\u00e9 sur demande et pr\u00e9sentation d\u2019un justificatif m\u00e9dical avant le 22 mars 2026. Une retenue de 30% sera op\u00e9r\u00e9e par l\u2019organisateur pour financer les frais engag\u00e9s. Apr\u00e8s cette date du 22 mars, il n\u2019y aura plus de remboursement.<br>Les changements de distance sont autoris\u00e9s, sous r\u00e9serve de place disponible jusqu\u2019au 29 mars 2026, selon les conditions suivantes :<\/p>\n\n\n\n<ul>\n<li>D\u2019une course vers une autre \u00e0 plus faible kilom\u00e9trage : pas de remboursement de la diff\u00e9rence.<\/li>\n\n\n\n<li>D\u2019une course vers une course \u00e0 plus fort kilom\u00e9trage : paiement de la diff\u00e9rence suivant le tarif en cours<br>Possibilit\u00e9 de s\u2019inscrire sur place le jour J uniquement si des places sont disponibles.<br>5-Tarifs des inscriptions<\/li>\n\n\n\n<li>64 km = 65 Euros (repas du soir offert)<\/li>\n\n\n\n<li>32 km = 35 Euros<\/li>\n\n\n\n<li>21 km = 22 Euros<\/li>\n\n\n\n<li>12 km = 12 Euros<\/li>\n\n\n\n<li>Marche = 5 Euros<br>Prix du repas du soir suppl\u00e9mentaire : 20 Euros <\/li>\n\n\n\n<li>6- Retrait des dossards<br>Les dossards sont \u00e0 retirer la veille de 15h \u00e0 18h au foyer municipal (salle Fran\u00e7ois Mitterrand) et le matin de la course \u00e0 partir de 4H00<br>Chaque concurrent doit porter un dossard de mani\u00e8re apparente sur la poitrine. En cas d\u2019abandon ou d\u2019arr\u00eat suite au d\u00e9passement horaire, le dossard est remis \u00e0 un membre de l\u2019organisation.<br><\/li>\n\n\n\n<li>7- Assistance et ravitaillement<br>L\u2019assistance sera autoris\u00e9e uniquement sur les points de ravitaillements.<br>Pas de gobelets sur les ravitaillements : chaque coureur doit \u00eatre \u00e9quip\u00e9 d\u2019un verre r\u00e9utilisable<\/li>\n\n\n\n<li>6 ravitaillements sur le 64 km (\u00e0 7km \/16,5km\/30 km\/42 km\/50 km\/59,5km)<\/li>\n\n\n\n<li>3 ravitaillements sur le 32 km (\u00e0 7km\/17,5km\/21km)<\/li>\n\n\n\n<li>2 ravitaillements sur le 21km (\u00e0 7km\/16,5km)<\/li>\n\n\n\n<li>1 ravitaillement sur le 12 km (\u00e0 7km)<br>Le ravitaillement en dehors de ces zones est interdit.<br><\/li>\n\n\n\n<li>8- Barri\u00e8res Horaires et sites de pointage<br>Concerne uniquement le parcours du 64 km<\/li>\n\n\n\n<li>2 barri\u00e8res horaires sont \u00e0 respecter :<br>30i\u00e8me km derni\u00e8re sortie \u00e0 11H30 \u00e0 Cabrespine (apr\u00e8s 6h30 de course)<br>50i\u00e8me km derni\u00e8re sortie \u00e0 15H30 \u00e0 Lespinassi\u00e8re (apr\u00e8s 10H30 de course)<br>Aux diff\u00e9rents points d\u00e9finis pour ce trac\u00e9, des responsables de l\u2019organisation inviteront les coureurs parvenant au-del\u00e0 des limites horaires \u00e0 stopper leur progression et \u00e0 rejoindre les v\u00e9hicules charg\u00e9s de leur rapatriement vers l\u2019arriv\u00e9e.<\/li>\n\n\n\n<li>3 sites de pointage seront obligatoires pour les concurrents du 64 km :<br>Au 27 km, 30 km et 50 km<br>Toute absence de pointage sur un poste de contr\u00f4le pourra donner lieu \u00e0 une p\u00e9nalit\u00e9 d\u20191 heure <\/li>\n\n\n\n<li><\/li>\n\n\n\n<li>9- Mat\u00e9riel Obligatoire<\/li>\n\n\n\n<li>Pour tous pas de gobelets au ravito !!!!<\/li>\n\n\n\n<li>L\u2019utilisation des b\u00e2tons est autoris\u00e9e.<\/li>\n\n\n\n<li>Pour le parcours du 64 km : Boissons (1 litre minimum), nourriture, coupe -vent, couverture de survie, sifflet, lampe frontale, bande adh\u00e9sive, t\u00e9l\u00e9phone charg\u00e9 avec le num\u00e9ro du coordonnateur de la s\u00e9curit\u00e9.<br>Des contr\u00f4les du mat\u00e9riel se feront de fa\u00e7on al\u00e9atoires avant, pendant ou apr\u00e8s la course. Une p\u00e9nalit\u00e9 de 30 min sera inflig\u00e9e pour chaque mat\u00e9riel obligatoire manquant.<\/li>\n\n\n\n<li>Pour le parcours du 21km et 32 km : Boissons (1 litre minimum), nourriture, coupe -vent, couverture de survie, sifflet, bande adh\u00e9sive, t\u00e9l\u00e9phone charg\u00e9 avec le num\u00e9ro du coordonnateur de la s\u00e9curit\u00e9.<br>Des contr\u00f4les du mat\u00e9riel se feront de fa\u00e7on al\u00e9atoires avant, pendant ou apr\u00e8s la course. Une p\u00e9nalit\u00e9 de 30 min sera inflig\u00e9e pour chaque mat\u00e9riel obligatoire manquant.<\/li>\n\n\n\n<li>Pour le parcours du 12km : pas de mat\u00e9riel obligatoire (eau et nourriture conseill\u00e9)<br><\/li>\n\n\n\n<li>10- S\u00e9curit\u00e9 et assistance<br>Elle sera assur\u00e9e par un r\u00e9seau de postes de contr\u00f4le, de signaleurs, d\u2019ouvreurs et d\u2019une \u00e9quipe de serre-file en plus du marquage et du balisage tout au long du parcours. Plusieurs secouristes seront r\u00e9partis sur les postes clefs de la course afin d\u2019assurer la prise en charge des concurrents. Une \u00e9quipe m\u00e9dicale sera pr\u00e9sente durant toute la dur\u00e9e du parcours.<br>Les m\u00e9decins officiels seront habilit\u00e9s \u00e0 retirer le dossard ou \u00e0 mettre hors course tout concurrent inapte \u00e0 continuer l\u2019\u00e9preuve mettant en danger tant sa s\u00e9curit\u00e9 personnelle que la s\u00e9curit\u00e9 g\u00e9n\u00e9rale de la manifestation.<br><\/li>\n\n\n\n<li>11- R\u00e9compenses<br>Les 3 premiers au scratch masculins et f\u00e9minins ainsi que le premier de chaque cat\u00e9gorie homme et femme (hors scratch) seront r\u00e9compens\u00e9s sur les 4 parcours de courses.<br><\/li>\n\n\n\n<li>12- Assurance \/Responsabilit\u00e9<br>L\u2019\u00e9preuve est couverte par une assurance responsabilit\u00e9 civile souscrite par les organisateurs.<br>Les licenci\u00e9s b\u00e9n\u00e9ficient de garanties accord\u00e9es par l\u2019assurance li\u00e9e \u00e0 leur licence et il incombe aux autres participants de prendre une assurance individuelle accident en compl\u00e9ment s\u2019ils le souhaitent.<br>La responsabilit\u00e9 de l\u2019association sera d\u00e9gag\u00e9e d\u00e8s le retrait du dossard pour abandon, pour disqualification (pointage tardif, d\u00e9gradation ou non-respect du milieu naturel), par d\u00e9cision m\u00e9dicale ou sur d\u00e9cision du directeur de la course.<\/li>\n<\/ul>\n\n\n\n<p>13- Apr\u00e8s course<br>Des douches sont \u00e0 disposition des coureurs au camping municipal<br><\/p>\n\n\n\n<p>14- Parcours<br>Les participants s\u2019engagent \u00e0 respecter l\u2019environnement sur tous les sites travers\u00e9s. Il est notamment interdit de jeter les d\u00e9chets sur le parcours.<br>En cas de mauvaises conditions m\u00e9t\u00e9orologiques et pour des raisons de s\u00e9curit\u00e9, l\u2019organisation se r\u00e9serve le droit d\u2019arr\u00eater l\u2019\u00e9preuve en cours, de raccourcir le parcours, de changer les barri\u00e8res horaires et l\u2019emplacement des postes d\u2019assistance sans pr\u00e9avis.<br><\/p>\n\n\n\n<p>15- Conditions g\u00e9n\u00e9rales<br>Tous les participants du Trail de l\u2019Argent Double s\u2019engagent \u00e0 respecter ce r\u00e8glement par le seul fait de leur inscription.<br>Les concurrents s\u2019engagent \u00e0 respecter sans conditions les prises de vue ou de son, ainsi que l\u2019exploitation de celle-ci \u00e0 titre informatif, publicitaire ou promotionnel.<br>En cas d\u2019annulation de la course, l\u2019organisation examinera la possibilit\u00e9 de rembourser les concurrents inscrits et dans quelles mesures.<\/p>\n","protected":false},"excerpt":{"rendered":"<p>TRAIL DE L&rsquo;ARGENT DOUBLE 05\/04\/2026 CAUNES MINERVOISR\u00e8glement G\u00e9n\u00e9ral de la Course 1-OrganisationLes Groles Trotteurs Du Minervois, Association Loi 1901, organise le 05 avril 2026 Le Trail De L\u2019Argent Double.L\u2019organisation (accueil, d\u00e9part, arriv\u00e9e, podium, secours) se trouve au Foyer Municipal (Salle Fran\u00e7ois Mitterrand) 11160 CAUNES MINERVOIS 2-D\u00e9finition de l\u2019\u00e9preuveLe Trail De L\u2019Argent Double est une course&hellip;&nbsp;<a href=\"https:\/\/groles-trotteurs.com\/index.php\/reglement\/\" class=\"\" rel=\"bookmark\">Lire la suite &raquo;<span class=\"screen-reader-text\">R\u00e8glement<\/span><\/a><\/p>\n","protected":false},"author":2,"featured_media":0,"parent":0,"menu_order":0,"comment_status":"closed","ping_status":"closed","template":"","meta":{"neve_meta_sidebar":"","neve_meta_container":"","neve_meta_enable_content_width":"","neve_meta_content_width":0,"neve_meta_title_alignment":"","neve_meta_author_avatar":"","neve_post_elements_order":"","neve_meta_disable_header":"","neve_meta_disable_footer":"","neve_meta_disable_title":"","footnotes":""},"_links":{"self":[{"href":"https:\/\/groles-trotteurs.com\/index.php\/wp-json\/wp\/v2\/pages\/573"}],"collection":[{"href":"https:\/\/groles-trotteurs.com\/index.php\/wp-json\/wp\/v2\/pages"}],"about":[{"href":"https:\/\/groles-trotteurs.com\/index.php\/wp-json\/wp\/v2\/types\/page"}],"author":[{"embeddable":true,"href":"https:\/\/groles-trotteurs.com\/index.php\/wp-json\/wp\/v2\/users\/2"}],"replies":[{"embeddable":true,"href":"https:\/\/groles-trotteurs.com\/index.php\/wp-json\/wp\/v2\/comments?post=573"}],"version-history":[{"count":11,"href":"https:\/\/groles-trotteurs.com\/index.php\/wp-json\/wp\/v2\/pages\/573\/revisions"}],"predecessor-version":[{"id":869,"href":"https:\/\/groles-trotteurs.com\/index.php\/wp-json\/wp\/v2\/pages\/573\/revisions\/869"}],"wp:attachment":[{"href":"https:\/\/groles-trotteurs.com\/index.php\/wp-json\/wp\/v2\/media?parent=573"}],"curies":[{"name":"wp","href":"https:\/\/api.w.org\/{rel}","templated":true}]}}