{"id":564,"date":"2023-09-07T17:40:46","date_gmt":"2023-09-07T15:40:46","guid":{"rendered":"http:\/\/groles-trotteurs.com\/?page_id=564"},"modified":"2026-03-30T17:41:00","modified_gmt":"2026-03-30T15:41:00","slug":"infos-pratiqes","status":"publish","type":"page","link":"https:\/\/groles-trotteurs.com\/index.php\/infos-pratiqes\/","title":{"rendered":"infos pratiques"},"content":{"rendered":"\n<h2 class=\"wp-block-heading\">lieu de l&rsquo;\u00e9v\u00e8nement:<\/h2>\n\n\n\n<div class=\"wp-block-columns is-layout-flex wp-container-core-columns-is-layout-1 wp-block-columns-is-layout-flex\">\n<div class=\"wp-block-column is-vertically-aligned-center is-layout-flow wp-block-column-is-layout-flow\">\n<iframe src=\"https:\/\/www.google.com\/maps\/embed?pb=!1m18!1m12!1m3!1d3009.264202823384!2d2.520956833431708!3d43.323412040587314!2m3!1f0!2f0!3f0!3m2!1i1024!2i768!4f13.1!3m3!1m2!1s0x12b1d9a7ea07e593%3A0x175d3c5beb111910!2sSalle%20Fran%C3%A7ois%20Mitterand!5e0!3m2!1sfr!2sfr!4v1694101390343!5m2!1sfr!2sfr\" width=\"600\" height=\"450\" style=\"border:0;\" allowfullscreen=\"\" loading=\"lazy\" referrerpolicy=\"no-referrer-when-downgrade\"><\/iframe>\n\n\n\n<h2 class=\"wp-block-heading\"><\/h2>\n<\/div>\n<\/div>\n\n\n\n<p>Retrouvez ci dessous une carte avec les indications mineures, mais n\u00e9anmoins assez utiles pour votre arriv\u00e9e et faciliter votre d\u00e9placement .<\/p>\n\n\n\n<figure class=\"wp-block-image size-large\"><img loading=\"lazy\" decoding=\"async\" width=\"1024\" height=\"635\" src=\"http:\/\/groles-trotteurs.com\/wp-content\/uploads\/2024\/02\/plan-course-parking-1-1024x635.jpg\" alt=\"\" class=\"wp-image-723\" srcset=\"https:\/\/groles-trotteurs.com\/wp-content\/uploads\/2024\/02\/plan-course-parking-1-1024x635.jpg 1024w, https:\/\/groles-trotteurs.com\/wp-content\/uploads\/2024\/02\/plan-course-parking-1-300x186.jpg 300w, https:\/\/groles-trotteurs.com\/wp-content\/uploads\/2024\/02\/plan-course-parking-1-768x476.jpg 768w, https:\/\/groles-trotteurs.com\/wp-content\/uploads\/2024\/02\/plan-course-parking-1.jpg 1205w\" sizes=\"(max-width: 1024px) 100vw, 1024px\" \/><\/figure>\n\n\n\n<p><\/p>\n\n\n\n<hr class=\"wp-block-separator has-alpha-channel-opacity\"\/>\n\n\n\n<h2 class=\"wp-block-heading\">Courses enfants: <\/h2>\n\n\n\n<p>course aux alentours de 11h.<\/p>\n\n\n\n<p>Pour les plus petits, les parents peuvent les accompagner.<\/p>\n\n\n\n<p><\/p>\n\n\n\n<p>\u00e9veil et baby athl\u00e9, 2 tour ( max autoris\u00e9 1km)<\/p>\n\n\n\n<p>poussins 4 tours <\/p>\n\n\n\n<p>benjamins 6 tours<\/p>\n\n\n\n<p>minimes 8 tours<\/p>\n\n\n\n<p><\/p>\n\n\n\n<p><\/p>\n\n\n\n<p><\/p>\n\n\n\n<figure class=\"wp-block-image size-large\"><img loading=\"lazy\" decoding=\"async\" width=\"1024\" height=\"496\" src=\"https:\/\/groles-trotteurs.com\/wp-content\/uploads\/2026\/03\/image-1024x496.png\" alt=\"\" class=\"wp-image-921\" srcset=\"https:\/\/groles-trotteurs.com\/wp-content\/uploads\/2026\/03\/image-1024x496.png 1024w, https:\/\/groles-trotteurs.com\/wp-content\/uploads\/2026\/03\/image-300x145.png 300w, https:\/\/groles-trotteurs.com\/wp-content\/uploads\/2026\/03\/image-768x372.png 768w, https:\/\/groles-trotteurs.com\/wp-content\/uploads\/2026\/03\/image.png 1212w\" sizes=\"(max-width: 1024px) 100vw, 1024px\" \/><\/figure>\n\n\n\n<p><\/p>\n","protected":false},"excerpt":{"rendered":"<p>lieu de l&rsquo;\u00e9v\u00e8nement: Retrouvez ci dessous une carte avec les indications mineures, mais n\u00e9anmoins assez utiles pour votre arriv\u00e9e et faciliter votre d\u00e9placement . Courses enfants: course aux alentours de 11h. Pour les plus petits, les parents peuvent les accompagner. \u00e9veil et baby athl\u00e9, 2 tour ( max autoris\u00e9 1km) poussins 4 tours benjamins 6&hellip;&nbsp;<a href=\"https:\/\/groles-trotteurs.com\/index.php\/infos-pratiqes\/\" class=\"\" rel=\"bookmark\">Lire la suite &raquo;<span class=\"screen-reader-text\">infos pratiques<\/span><\/a><\/p>\n","protected":false},"author":2,"featured_media":0,"parent":0,"menu_order":0,"comment_status":"closed","ping_status":"closed","template":"","meta":{"neve_meta_sidebar":"","neve_meta_container":"","neve_meta_enable_content_width":"","neve_meta_content_width":0,"neve_meta_title_alignment":"","neve_meta_author_avatar":"","neve_post_elements_order":"","neve_meta_disable_header":"","neve_meta_disable_footer":"","neve_meta_disable_title":"","footnotes":""},"_links":{"self":[{"href":"https:\/\/groles-trotteurs.com\/index.php\/wp-json\/wp\/v2\/pages\/564"}],"collection":[{"href":"https:\/\/groles-trotteurs.com\/index.php\/wp-json\/wp\/v2\/pages"}],"about":[{"href":"https:\/\/groles-trotteurs.com\/index.php\/wp-json\/wp\/v2\/types\/page"}],"author":[{"embeddable":true,"href":"https:\/\/groles-trotteurs.com\/index.php\/wp-json\/wp\/v2\/users\/2"}],"replies":[{"embeddable":true,"href":"https:\/\/groles-trotteurs.com\/index.php\/wp-json\/wp\/v2\/comments?post=564"}],"version-history":[{"count":17,"href":"https:\/\/groles-trotteurs.com\/index.php\/wp-json\/wp\/v2\/pages\/564\/revisions"}],"predecessor-version":[{"id":924,"href":"https:\/\/groles-trotteurs.com\/index.php\/wp-json\/wp\/v2\/pages\/564\/revisions\/924"}],"wp:attachment":[{"href":"https:\/\/groles-trotteurs.com\/index.php\/wp-json\/wp\/v2\/media?parent=564"}],"curies":[{"name":"wp","href":"https:\/\/api.w.org\/{rel}","templated":true}]}}